{"id":36,"date":"2024-11-13T12:25:39","date_gmt":"2024-11-13T12:25:39","guid":{"rendered":"https:\/\/im5.thyma.ch\/?page_id=36"},"modified":"2024-11-28T12:42:16","modified_gmt":"2024-11-28T12:42:16","slug":"impressum","status":"publish","type":"page","link":"https:\/\/im5.thyma.ch\/?page_id=36","title":{"rendered":"Impressum"},"content":{"rendered":"\n<div class=\"wp-block-columns is-layout-flex wp-container-core-columns-is-layout-28f84493 wp-block-columns-is-layout-flex\">\n<div class=\"wp-block-column is-layout-flow wp-block-column-is-layout-flow\">\n<figure class=\"wp-block-image size-full\"><img loading=\"lazy\" decoding=\"async\" width=\"1152\" height=\"2048\" src=\"https:\/\/im5.thyma.ch\/wp-content\/uploads\/2024\/11\/P1077393-3.webp\" alt=\"Ein Mikrofon mit Popschutz liegt auf einer holzigen Oberfl\u00e4che, dahinter ein kleines Holzk\u00e4stchen im Palettenstyle, auf dem ein weiteres Mikrofon liegt. Umrahmt wird das Bild von einer gr\u00fcnen Rankpflanze.\" class=\"wp-image-108\" srcset=\"https:\/\/im5.thyma.ch\/wp-content\/uploads\/2024\/11\/P1077393-3.webp 1152w, https:\/\/im5.thyma.ch\/wp-content\/uploads\/2024\/11\/P1077393-3-169x300.webp 169w, https:\/\/im5.thyma.ch\/wp-content\/uploads\/2024\/11\/P1077393-3-768x1365.webp 768w, https:\/\/im5.thyma.ch\/wp-content\/uploads\/2024\/11\/P1077393-3-864x1536.webp 864w\" sizes=\"auto, (max-width: 1152px) 100vw, 1152px\" \/><\/figure>\n<\/div>\n\n\n\n<div class=\"wp-block-column weisser-impressum-hg has-background is-layout-flow wp-block-column-is-layout-flow\" style=\"background-color:#f8faf4;padding-top:var(--wp--preset--spacing--50);padding-right:var(--wp--preset--spacing--50);padding-bottom:var(--wp--preset--spacing--50);padding-left:var(--wp--preset--spacing--50)\">\n<h3 class=\"wp-block-heading has-text-align-left\">Kontakt<\/h3>\n\n\n\n<p class=\"has-text-align-left\">manuela.aeschlimann@stud.fhgr.ch<\/p>\n\n\n\n<h3 class=\"wp-block-heading has-text-align-left\">Impressum<\/h3>\n\n\n\n<p class=\"has-text-align-left\">Manuela Aeschlimann<br>Holzikofenweg 8<br>3007 Bern<\/p>\n\n\n\n<h3 class=\"wp-block-heading has-text-align-left\">Haftungsausschluss<\/h3>\n\n\n\n<p class=\"has-text-align-left\">Der Webseitenbetreiber \u00fcbernimmt keine Gew\u00e4hr bez\u00fcglich der inhaltlichen Korrektheit, Exaktheit, Aktualit\u00e4t, Vollst\u00e4ndigkeit oder Zuverl\u00e4ssigkeit der ver\u00f6ffentlichten Informationen. Haftungsanspr\u00fcche gegen den Webseitenbetreiber wegen materieller oder immaterieller Sch\u00e4den jeglicher Art, welche aus dem Besuch, der Nutzung oder auch Nichtnutzung der zur Verf\u00fcgung gestellten Daten, durch einen falschen Gebrauch der Internetverbindung oder durch eventuelle technische Fehler entstanden sind, werden ausgeschlossen. Alle ver\u00f6ffentlichten Angebote haben einen unverbindlichen Charakter. Der Webseitenbetreiber hat das Recht, Teile von Webseiten oder auch den gesamten Inhalt ohne vorherige Ank\u00fcndigung zu \u00e4ndern, zu erg\u00e4nzen, zu l\u00f6schen oder die Publikation teilweise oder komplett einzustellen.<\/p>\n\n\n\n<h3 class=\"wp-block-heading has-text-align-left\">Urheberrechte<\/h3>\n\n\n\n<p class=\"has-text-align-left\">Das Urheberrecht sowie alle anderen Rechte an Texten, Bildern, Fotos oder Dateien auf der Webseite geh\u00f6ren ausschlie\u00dflich den Webseitenbetreiber oder den angef\u00fchrten Rechteinhabern. Die Reproduktion von Elementen bedarf der schriftlichen Zustimmung der Urheberrechtstr\u00e4ger.<\/p>\n<\/div>\n<\/div>\n","protected":false},"excerpt":{"rendered":"<p>Kontakt manuela.aeschlimann@stud.fhgr.ch Impressum Manuela AeschlimannHolzikofenweg 83007 Bern Haftungsausschluss Der Webseitenbetreiber \u00fcbernimmt keine Gew\u00e4hr bez\u00fcglich der inhaltlichen Korrektheit, Exaktheit, Aktualit\u00e4t, Vollst\u00e4ndigkeit [&hellip;]<\/p>\n","protected":false},"author":1,"featured_media":0,"parent":0,"menu_order":0,"comment_status":"closed","ping_status":"closed","template":"","meta":{"site-sidebar-layout":"default","site-content-layout":"","ast-site-content-layout":"","site-content-style":"default","site-sidebar-style":"default","ast-global-header-display":"","ast-banner-title-visibility":"","ast-main-header-display":"","ast-hfb-above-header-display":"","ast-hfb-below-header-display":"","ast-hfb-mobile-header-display":"","site-post-title":"","ast-breadcrumbs-content":"","ast-featured-img":"","footer-sml-layout":"","theme-transparent-header-meta":"","adv-header-id-meta":"","stick-header-meta":"","header-above-stick-meta":"","header-main-stick-meta":"","header-below-stick-meta":"","astra-migrate-meta-layouts":"default","ast-page-background-enabled":"default","ast-page-background-meta":{"desktop":{"background-color":"var(--ast-global-color-4)","background-image":"","background-repeat":"repeat","background-position":"center center","background-size":"auto","background-attachment":"scroll","background-type":"","background-media":"","overlay-type":"","overlay-color":"","overlay-opacity":"","overlay-gradient":""},"tablet":{"background-color":"","background-image":"","background-repeat":"repeat","background-position":"center center","background-size":"auto","background-attachment":"scroll","background-type":"","background-media":"","overlay-type":"","overlay-color":"","overlay-opacity":"","overlay-gradient":""},"mobile":{"background-color":"","background-image":"","background-repeat":"repeat","background-position":"center center","background-size":"auto","background-attachment":"scroll","background-type":"","background-media":"","overlay-type":"","overlay-color":"","overlay-opacity":"","overlay-gradient":""}},"ast-content-background-meta":{"desktop":{"background-color":"var(--ast-global-color-5)","background-image":"","background-repeat":"repeat","background-position":"center center","background-size":"auto","background-attachment":"scroll","background-type":"","background-media":"","overlay-type":"","overlay-color":"","overlay-opacity":"","overlay-gradient":""},"tablet":{"background-color":"var(--ast-global-color-5)","background-image":"","background-repeat":"repeat","background-position":"center center","background-size":"auto","background-attachment":"scroll","background-type":"","background-media":"","overlay-type":"","overlay-color":"","overlay-opacity":"","overlay-gradient":""},"mobile":{"background-color":"var(--ast-global-color-5)","background-image":"","background-repeat":"repeat","background-position":"center center","background-size":"auto","background-attachment":"scroll","background-type":"","background-media":"","overlay-type":"","overlay-color":"","overlay-opacity":"","overlay-gradient":""}},"footnotes":""},"class_list":["post-36","page","type-page","status-publish","hentry"],"_links":{"self":[{"href":"https:\/\/im5.thyma.ch\/index.php?rest_route=\/wp\/v2\/pages\/36","targetHints":{"allow":["GET"]}}],"collection":[{"href":"https:\/\/im5.thyma.ch\/index.php?rest_route=\/wp\/v2\/pages"}],"about":[{"href":"https:\/\/im5.thyma.ch\/index.php?rest_route=\/wp\/v2\/types\/page"}],"author":[{"embeddable":true,"href":"https:\/\/im5.thyma.ch\/index.php?rest_route=\/wp\/v2\/users\/1"}],"replies":[{"embeddable":true,"href":"https:\/\/im5.thyma.ch\/index.php?rest_route=%2Fwp%2Fv2%2Fcomments&post=36"}],"version-history":[{"count":17,"href":"https:\/\/im5.thyma.ch\/index.php?rest_route=\/wp\/v2\/pages\/36\/revisions"}],"predecessor-version":[{"id":110,"href":"https:\/\/im5.thyma.ch\/index.php?rest_route=\/wp\/v2\/pages\/36\/revisions\/110"}],"wp:attachment":[{"href":"https:\/\/im5.thyma.ch\/index.php?rest_route=%2Fwp%2Fv2%2Fmedia&parent=36"}],"curies":[{"name":"wp","href":"https:\/\/api.w.org\/{rel}","templated":true}]}}