{"id":7,"date":"2024-11-12T14:09:06","date_gmt":"2024-11-12T14:09:06","guid":{"rendered":"https:\/\/im5.thyma.ch\/?page_id=7"},"modified":"2024-11-28T12:44:15","modified_gmt":"2024-11-28T12:44:15","slug":"im5-portfolio","status":"publish","type":"page","link":"https:\/\/im5.thyma.ch\/","title":{"rendered":"Manuela Aeschlimann"},"content":{"rendered":"\n<div class=\"wp-block-columns is-layout-flex wp-container-core-columns-is-layout-28f84493 wp-block-columns-is-layout-flex\">\n<div class=\"wp-block-column is-layout-flow wp-block-column-is-layout-flow\" style=\"flex-basis:66.66%\">\n<figure class=\"wp-block-embed is-type-video is-provider-youtube wp-block-embed-youtube wp-embed-aspect-16-9 wp-has-aspect-ratio\"><div class=\"wp-block-embed__wrapper\">\n<div class=\"ast-oembed-container \" style=\"height: 100%;\"><iframe loading=\"lazy\" title=\"Verg\u00e4h Trailer\" width=\"500\" height=\"281\" src=\"https:\/\/www.youtube.com\/embed\/TWhI7u4GdNk?feature=oembed\" frameborder=\"0\" allow=\"accelerometer; autoplay; clipboard-write; encrypted-media; gyroscope; picture-in-picture; web-share\" referrerpolicy=\"strict-origin-when-cross-origin\" allowfullscreen><\/iframe><\/div>\n<\/div><\/figure>\n<\/div>\n\n\n\n<div class=\"wp-block-column is-layout-flow wp-block-column-is-layout-flow\" style=\"flex-basis:33.33%\">\n<h2 class=\"wp-block-heading\">Verg\u00e4h<\/h2>\n\n\n\n<p>F\u00fcr diesen schweizerdeutschen Kurzfilm zum Thema Vergebung war ich hauptverantwortliche Tonmeisterin an den verschiedenen Sets.<\/p>\n<\/div>\n<\/div>\n\n\n\n<div style=\"height:166px\" aria-hidden=\"true\" class=\"wp-block-spacer\"><\/div>\n\n\n\n<div class=\"wp-block-columns is-layout-flex wp-container-core-columns-is-layout-28f84493 wp-block-columns-is-layout-flex\">\n<div class=\"wp-block-column is-layout-flow wp-block-column-is-layout-flow\" style=\"flex-basis:33.33%\">\n<h2 class=\"wp-block-heading has-text-align-right\">Crowdfunding Fundpark<\/h2>\n\n\n\n<p class=\"has-text-align-right\">Der Fundpark ist ein Ausbildungs- und Integrationsbetrieb f\u00fcr Berufsbilder im Bereich digitale Medien, Projektmanagement und Marketing. Mit und f\u00fcr die Auftraggebenden setzt er Crowdfundings f\u00fcr Kultur, Kunst, soziale Gemeinschaft und Nachhaltigkeit um. Nach der Konzepterstellung war ich im ersten Jahr der Umsetzung als Standortleiterin und Berufsbildnerin t\u00e4tig.<\/p>\n<\/div>\n\n\n\n<div class=\"wp-block-column is-layout-flow wp-block-column-is-layout-flow\" style=\"flex-basis:66.66%\">\n<figure class=\"wp-block-embed is-type-video is-provider-youtube wp-block-embed-youtube wp-embed-aspect-16-9 wp-has-aspect-ratio\"><div class=\"wp-block-embed__wrapper\">\n<div class=\"ast-oembed-container \" style=\"height: 100%;\"><iframe loading=\"lazy\" title=\"Der Fundpark hebt ab\" width=\"500\" height=\"281\" src=\"https:\/\/www.youtube.com\/embed\/Cgsj_v9-Zss?feature=oembed\" frameborder=\"0\" allow=\"accelerometer; autoplay; clipboard-write; encrypted-media; gyroscope; picture-in-picture; web-share\" referrerpolicy=\"strict-origin-when-cross-origin\" allowfullscreen><\/iframe><\/div>\n<\/div><\/figure>\n<\/div>\n<\/div>\n\n\n\n<div style=\"height:166px\" aria-hidden=\"true\" class=\"wp-block-spacer\"><\/div>\n\n\n\n<div class=\"wp-block-columns is-layout-flex wp-container-core-columns-is-layout-28f84493 wp-block-columns-is-layout-flex\">\n<div class=\"wp-block-column is-layout-flow wp-block-column-is-layout-flow\" style=\"flex-basis:66.66%\">\n<figure class=\"wp-block-embed is-type-video is-provider-youtube wp-block-embed-youtube wp-embed-aspect-16-9 wp-has-aspect-ratio\"><div class=\"wp-block-embed__wrapper\">\n<div class=\"ast-oembed-container \" style=\"height: 100%;\"><iframe loading=\"lazy\" title=\"J. S. Bach | BWV 1043 | Doppelkonzert f\u00fcr zwei Violinen | BESTO\" width=\"500\" height=\"281\" src=\"https:\/\/www.youtube.com\/embed\/hyhwTGkTwHY?feature=oembed\" frameborder=\"0\" allow=\"accelerometer; autoplay; clipboard-write; encrypted-media; gyroscope; picture-in-picture; web-share\" referrerpolicy=\"strict-origin-when-cross-origin\" allowfullscreen><\/iframe><\/div>\n<\/div><\/figure>\n<\/div>\n\n\n\n<div class=\"wp-block-column is-layout-flow wp-block-column-is-layout-flow\" style=\"flex-basis:33.33%\">\n<h2 class=\"wp-block-heading\">Fernorchester Bach<\/h2>\n\n\n\n<p>Der Fr\u00fchling 2020 war gepr\u00e4gt von Anpassungen an Covid-19. Um dennoch gemeinsam Musik machen zu k\u00f6nnen, habe ich mehrere Freund*innen angefragt, die mir nach einem Guide Track der Solostimmen eine Instrumentalaufnahme ihrer Begleitung zuschickten.<\/p>\n<\/div>\n<\/div>\n\n\n\n<div style=\"height:166px\" aria-hidden=\"true\" class=\"wp-block-spacer\"><\/div>\n\n\n\n<div class=\"wp-block-columns is-layout-flex wp-container-core-columns-is-layout-28f84493 wp-block-columns-is-layout-flex\">\n<div class=\"wp-block-column is-layout-flow wp-block-column-is-layout-flow\" style=\"flex-basis:33.33%\">\n<h2 class=\"wp-block-heading has-text-align-right\">Zwischen Staub und Saiten<\/h2>\n\n\n\n<p class=\"has-text-align-right\">Wo klassische Musik sonst noch stattfindet &#8211; folgt<\/p>\n<\/div>\n\n\n\n<div class=\"wp-block-column is-layout-flow wp-block-column-is-layout-flow\" style=\"flex-basis:66.66%\">\n<figure class=\"wp-block-image size-full\"><img loading=\"lazy\" decoding=\"async\" width=\"2560\" height=\"1440\" src=\"https:\/\/im5.thyma.ch\/wp-content\/uploads\/2024\/11\/P1044406-16zu9-scaled.webp\" alt=\"Die Silhouette eines Cellostegs, die Saiten verschwinden langsam in der Unsch\u00e4rfe. Im Hintergrund leuchtet eine Licherkette.\" class=\"wp-image-109\" srcset=\"https:\/\/im5.thyma.ch\/wp-content\/uploads\/2024\/11\/P1044406-16zu9-scaled.webp 2560w, https:\/\/im5.thyma.ch\/wp-content\/uploads\/2024\/11\/P1044406-16zu9-300x169.webp 300w, https:\/\/im5.thyma.ch\/wp-content\/uploads\/2024\/11\/P1044406-16zu9-768x432.webp 768w, https:\/\/im5.thyma.ch\/wp-content\/uploads\/2024\/11\/P1044406-16zu9-1536x864.webp 1536w, https:\/\/im5.thyma.ch\/wp-content\/uploads\/2024\/11\/P1044406-16zu9-2048x1152.webp 2048w\" sizes=\"auto, (max-width: 2560px) 100vw, 2560px\" \/><\/figure>\n<\/div>\n<\/div>\n\n\n\n<div style=\"height:166px\" aria-hidden=\"true\" class=\"wp-block-spacer\"><\/div>\n","protected":false},"excerpt":{"rendered":"<p>Verg\u00e4h F\u00fcr diesen schweizerdeutschen Kurzfilm zum Thema Vergebung war ich hauptverantwortliche Tonmeisterin an den verschiedenen Sets. Crowdfunding Fundpark Der Fundpark [&hellip;]<\/p>\n","protected":false},"author":1,"featured_media":107,"parent":0,"menu_order":0,"comment_status":"closed","ping_status":"closed","template":"","meta":{"site-sidebar-layout":"default","site-content-layout":"","ast-site-content-layout":"","site-content-style":"default","site-sidebar-style":"default","ast-global-header-display":"","ast-banner-title-visibility":"","ast-main-header-display":"","ast-hfb-above-header-display":"","ast-hfb-below-header-display":"","ast-hfb-mobile-header-display":"","site-post-title":"","ast-breadcrumbs-content":"","ast-featured-img":"","footer-sml-layout":"","theme-transparent-header-meta":"","adv-header-id-meta":"","stick-header-meta":"","header-above-stick-meta":"","header-main-stick-meta":"","header-below-stick-meta":"","astra-migrate-meta-layouts":"default","ast-page-background-enabled":"default","ast-page-background-meta":{"desktop":{"background-color":"var(--ast-global-color-4)","background-image":"","background-repeat":"repeat","background-position":"center center","background-size":"auto","background-attachment":"scroll","background-type":"","background-media":"","overlay-type":"","overlay-color":"","overlay-opacity":"","overlay-gradient":""},"tablet":{"background-color":"","background-image":"","background-repeat":"repeat","background-position":"center center","background-size":"auto","background-attachment":"scroll","background-type":"","background-media":"","overlay-type":"","overlay-color":"","overlay-opacity":"","overlay-gradient":""},"mobile":{"background-color":"","background-image":"","background-repeat":"repeat","background-position":"center center","background-size":"auto","background-attachment":"scroll","background-type":"","background-media":"","overlay-type":"","overlay-color":"","overlay-opacity":"","overlay-gradient":""}},"ast-content-background-meta":{"desktop":{"background-color":"var(--ast-global-color-5)","background-image":"","background-repeat":"repeat","background-position":"center center","background-size":"auto","background-attachment":"scroll","background-type":"","background-media":"","overlay-type":"","overlay-color":"","overlay-opacity":"","overlay-gradient":""},"tablet":{"background-color":"var(--ast-global-color-5)","background-image":"","background-repeat":"repeat","background-position":"center center","background-size":"auto","background-attachment":"scroll","background-type":"","background-media":"","overlay-type":"","overlay-color":"","overlay-opacity":"","overlay-gradient":""},"mobile":{"background-color":"var(--ast-global-color-5)","background-image":"","background-repeat":"repeat","background-position":"center center","background-size":"auto","background-attachment":"scroll","background-type":"","background-media":"","overlay-type":"","overlay-color":"","overlay-opacity":"","overlay-gradient":""}},"footnotes":""},"class_list":["post-7","page","type-page","status-publish","has-post-thumbnail","hentry"],"_links":{"self":[{"href":"https:\/\/im5.thyma.ch\/index.php?rest_route=\/wp\/v2\/pages\/7","targetHints":{"allow":["GET"]}}],"collection":[{"href":"https:\/\/im5.thyma.ch\/index.php?rest_route=\/wp\/v2\/pages"}],"about":[{"href":"https:\/\/im5.thyma.ch\/index.php?rest_route=\/wp\/v2\/types\/page"}],"author":[{"embeddable":true,"href":"https:\/\/im5.thyma.ch\/index.php?rest_route=\/wp\/v2\/users\/1"}],"replies":[{"embeddable":true,"href":"https:\/\/im5.thyma.ch\/index.php?rest_route=%2Fwp%2Fv2%2Fcomments&post=7"}],"version-history":[{"count":22,"href":"https:\/\/im5.thyma.ch\/index.php?rest_route=\/wp\/v2\/pages\/7\/revisions"}],"predecessor-version":[{"id":111,"href":"https:\/\/im5.thyma.ch\/index.php?rest_route=\/wp\/v2\/pages\/7\/revisions\/111"}],"wp:featuredmedia":[{"embeddable":true,"href":"https:\/\/im5.thyma.ch\/index.php?rest_route=\/wp\/v2\/media\/107"}],"wp:attachment":[{"href":"https:\/\/im5.thyma.ch\/index.php?rest_route=%2Fwp%2Fv2%2Fmedia&parent=7"}],"curies":[{"name":"wp","href":"https:\/\/api.w.org\/{rel}","templated":true}]}}